{"id":1173,"date":"2025-01-23T23:20:09","date_gmt":"2025-01-23T23:20:09","guid":{"rendered":"https:\/\/capdecreusdive.com\/producto\/rescue-diver\/"},"modified":"2025-02-13T16:34:52","modified_gmt":"2025-02-13T16:34:52","slug":"rescue-diver","status":"publish","type":"product","link":"https:\/\/capdecreusdive.com\/fr\/producto\/rescue-diver\/","title":{"rendered":"Rescue Diver"},"content":{"rendered":"","protected":false},"excerpt":{"rendered":"<p>Le <b>cours PADI Rescue Diver<\/b> changera votre fa\u00e7on de plonger pour le mieux. Apprenez \u00e0 identifier et \u00e0 r\u00e9soudre les probl\u00e8mes mineurs avant qu\u2019ils ne deviennent plus importants, gagnez beaucoup de confiance et amusez-vous s\u00e9rieusement en cours de route.<\/p>\n","protected":false},"featured_media":981,"template":"","meta":{"site-sidebar-layout":"default","site-content-layout":"","ast-site-content-layout":"default","site-content-style":"default","site-sidebar-style":"default","ast-global-header-display":"","ast-banner-title-visibility":"","ast-main-header-display":"","ast-hfb-above-header-display":"","ast-hfb-below-header-display":"","ast-hfb-mobile-header-display":"","site-post-title":"","ast-breadcrumbs-content":"","ast-featured-img":"","footer-sml-layout":"","ast-disable-related-posts":"","theme-transparent-header-meta":"default","adv-header-id-meta":"","stick-header-meta":"","header-above-stick-meta":"","header-main-stick-meta":"","header-below-stick-meta":"","astra-migrate-meta-layouts":"set","ast-page-background-enabled":"default","ast-page-background-meta":{"desktop":{"background-color":"var(--ast-global-color-5)","background-image":"","background-repeat":"repeat","background-position":"center center","background-size":"auto","background-attachment":"scroll","background-type":"","background-media":"","overlay-type":"","overlay-color":"","overlay-opacity":"","overlay-gradient":""},"tablet":{"background-color":"","background-image":"","background-repeat":"repeat","background-position":"center center","background-size":"auto","background-attachment":"scroll","background-type":"","background-media":"","overlay-type":"","overlay-color":"","overlay-opacity":"","overlay-gradient":""},"mobile":{"background-color":"","background-image":"","background-repeat":"repeat","background-position":"center center","background-size":"auto","background-attachment":"scroll","background-type":"","background-media":"","overlay-type":"","overlay-color":"","overlay-opacity":"","overlay-gradient":""}},"ast-content-background-meta":{"desktop":{"background-color":"var(--ast-global-color-4)","background-image":"","background-repeat":"repeat","background-position":"center center","background-size":"auto","background-attachment":"scroll","background-type":"","background-media":"","overlay-type":"","overlay-color":"","overlay-opacity":"","overlay-gradient":""},"tablet":{"background-color":"var(--ast-global-color-4)","background-image":"","background-repeat":"repeat","background-position":"center center","background-size":"auto","background-attachment":"scroll","background-type":"","background-media":"","overlay-type":"","overlay-color":"","overlay-opacity":"","overlay-gradient":""},"mobile":{"background-color":"var(--ast-global-color-4)","background-image":"","background-repeat":"repeat","background-position":"center center","background-size":"auto","background-attachment":"scroll","background-type":"","background-media":"","overlay-type":"","overlay-color":"","overlay-opacity":"","overlay-gradient":""}},"_joinchat":[]},"product_brand":[],"product_cat":[48,44],"product_tag":[],"mwb_booking_people":[],"mwb_booking_cost":[],"mwb_booking_service":[],"class_list":{"0":"post-1173","1":"product","2":"type-product","3":"status-publish","4":"has-post-thumbnail","6":"product_cat-cours","7":"product_cat-reserves","8":"desktop-align-left","9":"tablet-align-left","10":"mobile-align-left","12":"first","13":"instock","14":"virtual","15":"purchasable","16":"product-type-mwb_booking"},"_links":{"self":[{"href":"https:\/\/capdecreusdive.com\/fr\/wp-json\/wp\/v2\/product\/1173","targetHints":{"allow":["GET"]}}],"collection":[{"href":"https:\/\/capdecreusdive.com\/fr\/wp-json\/wp\/v2\/product"}],"about":[{"href":"https:\/\/capdecreusdive.com\/fr\/wp-json\/wp\/v2\/types\/product"}],"wp:featuredmedia":[{"embeddable":true,"href":"https:\/\/capdecreusdive.com\/fr\/wp-json\/wp\/v2\/media\/981"}],"wp:attachment":[{"href":"https:\/\/capdecreusdive.com\/fr\/wp-json\/wp\/v2\/media?parent=1173"}],"wp:term":[{"taxonomy":"product_brand","embeddable":true,"href":"https:\/\/capdecreusdive.com\/fr\/wp-json\/wp\/v2\/product_brand?post=1173"},{"taxonomy":"product_cat","embeddable":true,"href":"https:\/\/capdecreusdive.com\/fr\/wp-json\/wp\/v2\/product_cat?post=1173"},{"taxonomy":"product_tag","embeddable":true,"href":"https:\/\/capdecreusdive.com\/fr\/wp-json\/wp\/v2\/product_tag?post=1173"},{"taxonomy":"mwb_booking_people","embeddable":true,"href":"https:\/\/capdecreusdive.com\/fr\/wp-json\/wp\/v2\/mwb_booking_people?post=1173"},{"taxonomy":"mwb_booking_cost","embeddable":true,"href":"https:\/\/capdecreusdive.com\/fr\/wp-json\/wp\/v2\/mwb_booking_cost?post=1173"},{"taxonomy":"mwb_booking_service","embeddable":true,"href":"https:\/\/capdecreusdive.com\/fr\/wp-json\/wp\/v2\/mwb_booking_service?post=1173"}],"curies":[{"name":"wp","href":"https:\/\/api.w.org\/{rel}","templated":true}]}}