{"id":1157,"date":"2025-01-23T22:53:05","date_gmt":"2025-01-23T22:53:05","guid":{"rendered":"https:\/\/capdecreusdive.com\/producto\/curs-open-water-diver\/"},"modified":"2025-02-13T16:36:16","modified_gmt":"2025-02-13T16:36:16","slug":"curs-open-water-diver","status":"publish","type":"product","link":"https:\/\/capdecreusdive.com\/fr\/producto\/curs-open-water-diver\/","title":{"rendered":"Curs Open Water Diver"},"content":{"rendered":"","protected":false},"excerpt":{"rendered":"<p id=\"text_block-71-33\" class=\"ct-text-block\">Le <b>PADI Open Water Diver<\/b> est le premier niveau de certification de plong\u00e9e. Un instructeur PADI hautement qualifi\u00e9 vous apprendra \u00e0 plonger dans un environnement d&rsquo;apprentissage d\u00e9tendu et s\u00fbr.<\/p>\n<p id=\"text_block-72-33\" class=\"ct-text-block\">\u00c0 la fin du cours, vous aurez les comp\u00e9tences et les connaissances pour plonger chez vous ou \u00e0 l&rsquo;\u00e9tranger et \u00eatre un ambassadeur du monde sous-marin.<\/p>\n<div id=\"div_block-70-33\" class=\"ct-div-block inline-heading\">\n<p id=\"text_block-88-33\" class=\"ct-text-block\">\n<\/div>\n","protected":false},"featured_media":981,"template":"","meta":{"site-sidebar-layout":"default","site-content-layout":"","ast-site-content-layout":"default","site-content-style":"default","site-sidebar-style":"default","ast-global-header-display":"","ast-banner-title-visibility":"","ast-main-header-display":"","ast-hfb-above-header-display":"","ast-hfb-below-header-display":"","ast-hfb-mobile-header-display":"","site-post-title":"","ast-breadcrumbs-content":"","ast-featured-img":"","footer-sml-layout":"","ast-disable-related-posts":"","theme-transparent-header-meta":"default","adv-header-id-meta":"","stick-header-meta":"","header-above-stick-meta":"","header-main-stick-meta":"","header-below-stick-meta":"","astra-migrate-meta-layouts":"set","ast-page-background-enabled":"default","ast-page-background-meta":{"desktop":{"background-color":"var(--ast-global-color-5)","background-image":"","background-repeat":"repeat","background-position":"center center","background-size":"auto","background-attachment":"scroll","background-type":"","background-media":"","overlay-type":"","overlay-color":"","overlay-opacity":"","overlay-gradient":""},"tablet":{"background-color":"","background-image":"","background-repeat":"repeat","background-position":"center center","background-size":"auto","background-attachment":"scroll","background-type":"","background-media":"","overlay-type":"","overlay-color":"","overlay-opacity":"","overlay-gradient":""},"mobile":{"background-color":"","background-image":"","background-repeat":"repeat","background-position":"center center","background-size":"auto","background-attachment":"scroll","background-type":"","background-media":"","overlay-type":"","overlay-color":"","overlay-opacity":"","overlay-gradient":""}},"ast-content-background-meta":{"desktop":{"background-color":"var(--ast-global-color-4)","background-image":"","background-repeat":"repeat","background-position":"center center","background-size":"auto","background-attachment":"scroll","background-type":"","background-media":"","overlay-type":"","overlay-color":"","overlay-opacity":"","overlay-gradient":""},"tablet":{"background-color":"var(--ast-global-color-4)","background-image":"","background-repeat":"repeat","background-position":"center center","background-size":"auto","background-attachment":"scroll","background-type":"","background-media":"","overlay-type":"","overlay-color":"","overlay-opacity":"","overlay-gradient":""},"mobile":{"background-color":"var(--ast-global-color-4)","background-image":"","background-repeat":"repeat","background-position":"center center","background-size":"auto","background-attachment":"scroll","background-type":"","background-media":"","overlay-type":"","overlay-color":"","overlay-opacity":"","overlay-gradient":""}},"_joinchat":[]},"product_brand":[],"product_cat":[48,44],"product_tag":[],"mwb_booking_people":[],"mwb_booking_cost":[],"mwb_booking_service":[],"class_list":{"0":"post-1157","1":"product","2":"type-product","3":"status-publish","4":"has-post-thumbnail","6":"product_cat-cours","7":"product_cat-reserves","8":"desktop-align-left","9":"tablet-align-left","10":"mobile-align-left","12":"first","13":"instock","14":"virtual","15":"purchasable","16":"product-type-mwb_booking"},"_links":{"self":[{"href":"https:\/\/capdecreusdive.com\/fr\/wp-json\/wp\/v2\/product\/1157","targetHints":{"allow":["GET"]}}],"collection":[{"href":"https:\/\/capdecreusdive.com\/fr\/wp-json\/wp\/v2\/product"}],"about":[{"href":"https:\/\/capdecreusdive.com\/fr\/wp-json\/wp\/v2\/types\/product"}],"wp:featuredmedia":[{"embeddable":true,"href":"https:\/\/capdecreusdive.com\/fr\/wp-json\/wp\/v2\/media\/981"}],"wp:attachment":[{"href":"https:\/\/capdecreusdive.com\/fr\/wp-json\/wp\/v2\/media?parent=1157"}],"wp:term":[{"taxonomy":"product_brand","embeddable":true,"href":"https:\/\/capdecreusdive.com\/fr\/wp-json\/wp\/v2\/product_brand?post=1157"},{"taxonomy":"product_cat","embeddable":true,"href":"https:\/\/capdecreusdive.com\/fr\/wp-json\/wp\/v2\/product_cat?post=1157"},{"taxonomy":"product_tag","embeddable":true,"href":"https:\/\/capdecreusdive.com\/fr\/wp-json\/wp\/v2\/product_tag?post=1157"},{"taxonomy":"mwb_booking_people","embeddable":true,"href":"https:\/\/capdecreusdive.com\/fr\/wp-json\/wp\/v2\/mwb_booking_people?post=1157"},{"taxonomy":"mwb_booking_cost","embeddable":true,"href":"https:\/\/capdecreusdive.com\/fr\/wp-json\/wp\/v2\/mwb_booking_cost?post=1157"},{"taxonomy":"mwb_booking_service","embeddable":true,"href":"https:\/\/capdecreusdive.com\/fr\/wp-json\/wp\/v2\/mwb_booking_service?post=1157"}],"curies":[{"name":"wp","href":"https:\/\/api.w.org\/{rel}","templated":true}]}}