{"id":1155,"date":"2025-01-23T21:14:19","date_gmt":"2025-01-23T21:14:19","guid":{"rendered":"https:\/\/capdecreusdive.com\/producto\/bapteme\/"},"modified":"2025-02-13T16:36:49","modified_gmt":"2025-02-13T16:36:49","slug":"bapteme","status":"publish","type":"product","link":"https:\/\/capdecreusdive.com\/fr\/producto\/bapteme\/","title":{"rendered":"Bapt\u00eame"},"content":{"rendered":"","protected":false},"excerpt":{"rendered":"<p id=\"text_block-21-32\" class=\"ct-text-block\"><b>D\u00e9couvrez le monde sous-marin avec notre bapt\u00eame.<\/b> La fa\u00e7on parfaite pour les d\u00e9butants de go\u00fbter \u00e0 l&rsquo;excitation de la plong\u00e9e sans besoin de certification. Accompagn\u00e9 par nos instructeurs qualifi\u00e9s, vous plongerez dans un monde de merveilles et de beaut\u00e9 sous-marines. Aucune exp\u00e9rience pr\u00e9alable n&rsquo;est n\u00e9cessaire, juste l&rsquo;envie de vivre une exp\u00e9rience inoubliable sous l&rsquo;eau. D\u00e9couvrez les joies de la plong\u00e9e pour la premi\u00e8re fois dans un environnement d&rsquo;eaux calmes, sous la supervision et les conseils d&rsquo;un moniteurexp\u00e9riment\u00e9. Profitez de votre premi\u00e8re immersion dans le monde sous-marin, jusqu&rsquo;\u00e0 une profondeur maximale de 12 m\u00e8tres.<\/p>\n<p id=\"text_block-22-32\" class=\"ct-text-block\"><b>Exigence :<\/b> <a href=\"https:\/\/capdecreusdive.com\/formulari\/\">Certificat m\u00e9dical ou formulaire m\u00e9dical d\u00fbment rempli.<\/a> \u00c2ge minimum : 10 ans.<\/p>\n","protected":false},"featured_media":981,"template":"","meta":{"site-sidebar-layout":"default","site-content-layout":"","ast-site-content-layout":"default","site-content-style":"default","site-sidebar-style":"default","ast-global-header-display":"","ast-banner-title-visibility":"","ast-main-header-display":"","ast-hfb-above-header-display":"","ast-hfb-below-header-display":"","ast-hfb-mobile-header-display":"","site-post-title":"","ast-breadcrumbs-content":"","ast-featured-img":"","footer-sml-layout":"","ast-disable-related-posts":"","theme-transparent-header-meta":"default","adv-header-id-meta":"","stick-header-meta":"","header-above-stick-meta":"","header-main-stick-meta":"","header-below-stick-meta":"","astra-migrate-meta-layouts":"set","ast-page-background-enabled":"default","ast-page-background-meta":{"desktop":{"background-color":"var(--ast-global-color-5)","background-image":"","background-repeat":"repeat","background-position":"center center","background-size":"auto","background-attachment":"scroll","background-type":"","background-media":"","overlay-type":"","overlay-color":"","overlay-opacity":"","overlay-gradient":""},"tablet":{"background-color":"","background-image":"","background-repeat":"repeat","background-position":"center center","background-size":"auto","background-attachment":"scroll","background-type":"","background-media":"","overlay-type":"","overlay-color":"","overlay-opacity":"","overlay-gradient":""},"mobile":{"background-color":"","background-image":"","background-repeat":"repeat","background-position":"center center","background-size":"auto","background-attachment":"scroll","background-type":"","background-media":"","overlay-type":"","overlay-color":"","overlay-opacity":"","overlay-gradient":""}},"ast-content-background-meta":{"desktop":{"background-color":"var(--ast-global-color-4)","background-image":"","background-repeat":"repeat","background-position":"center center","background-size":"auto","background-attachment":"scroll","background-type":"","background-media":"","overlay-type":"","overlay-color":"","overlay-opacity":"","overlay-gradient":""},"tablet":{"background-color":"var(--ast-global-color-4)","background-image":"","background-repeat":"repeat","background-position":"center center","background-size":"auto","background-attachment":"scroll","background-type":"","background-media":"","overlay-type":"","overlay-color":"","overlay-opacity":"","overlay-gradient":""},"mobile":{"background-color":"var(--ast-global-color-4)","background-image":"","background-repeat":"repeat","background-position":"center center","background-size":"auto","background-attachment":"scroll","background-type":"","background-media":"","overlay-type":"","overlay-color":"","overlay-opacity":"","overlay-gradient":""}},"_joinchat":[]},"product_brand":[],"product_cat":[45,44],"product_tag":[],"mwb_booking_people":[],"mwb_booking_cost":[],"mwb_booking_service":[],"class_list":{"0":"post-1155","1":"product","2":"type-product","3":"status-publish","4":"has-post-thumbnail","6":"product_cat-bapteme","7":"product_cat-reserves","8":"desktop-align-left","9":"tablet-align-left","10":"mobile-align-left","12":"first","13":"instock","14":"virtual","15":"purchasable","16":"product-type-mwb_booking"},"_links":{"self":[{"href":"https:\/\/capdecreusdive.com\/fr\/wp-json\/wp\/v2\/product\/1155","targetHints":{"allow":["GET"]}}],"collection":[{"href":"https:\/\/capdecreusdive.com\/fr\/wp-json\/wp\/v2\/product"}],"about":[{"href":"https:\/\/capdecreusdive.com\/fr\/wp-json\/wp\/v2\/types\/product"}],"wp:featuredmedia":[{"embeddable":true,"href":"https:\/\/capdecreusdive.com\/fr\/wp-json\/wp\/v2\/media\/981"}],"wp:attachment":[{"href":"https:\/\/capdecreusdive.com\/fr\/wp-json\/wp\/v2\/media?parent=1155"}],"wp:term":[{"taxonomy":"product_brand","embeddable":true,"href":"https:\/\/capdecreusdive.com\/fr\/wp-json\/wp\/v2\/product_brand?post=1155"},{"taxonomy":"product_cat","embeddable":true,"href":"https:\/\/capdecreusdive.com\/fr\/wp-json\/wp\/v2\/product_cat?post=1155"},{"taxonomy":"product_tag","embeddable":true,"href":"https:\/\/capdecreusdive.com\/fr\/wp-json\/wp\/v2\/product_tag?post=1155"},{"taxonomy":"mwb_booking_people","embeddable":true,"href":"https:\/\/capdecreusdive.com\/fr\/wp-json\/wp\/v2\/mwb_booking_people?post=1155"},{"taxonomy":"mwb_booking_cost","embeddable":true,"href":"https:\/\/capdecreusdive.com\/fr\/wp-json\/wp\/v2\/mwb_booking_cost?post=1155"},{"taxonomy":"mwb_booking_service","embeddable":true,"href":"https:\/\/capdecreusdive.com\/fr\/wp-json\/wp\/v2\/mwb_booking_service?post=1155"}],"curies":[{"name":"wp","href":"https:\/\/api.w.org\/{rel}","templated":true}]}}