{"id":1383,"date":"2025-01-23T20:44:56","date_gmt":"2025-01-23T20:44:56","guid":{"rendered":"https:\/\/capdecreusdive.com\/?page_id=1383"},"modified":"2026-03-19T20:35:32","modified_gmt":"2026-03-19T20:35:32","slug":"politique-de-confidentialite","status":"publish","type":"page","link":"https:\/\/capdecreusdive.com\/fr\/politique-de-confidentialite\/","title":{"rendered":"Politique de confidentialit\u00e9"},"content":{"rendered":"<h1 id=\"headline-2-92\" class=\"ct-headline\">Politique de confidentialit\u00e9<\/h1>\n<div id=\"inner_content-10-92\" class=\"ct-inner-content\">\n<h2 class=\"wp-block-heading\">Informations utilisateur<\/h2>\n<h3 class=\"wp-block-heading\">Qui est responsable du traitement de vos donn\u00e9es personnelles ?<\/h3>\n<p>CAP DE CREUS DIVE, S.L est le RESPONSABLE du traitement des donn\u00e9es personnelles de l&rsquo;UTILISATEUR et l&rsquo;informe que ces donn\u00e9es seront trait\u00e9es conform\u00e9ment aux dispositions du R\u00e8glement (UE) 2016\/679, du 27 avril (RGPD), et de la Loi Organique 3\/2018, du 5 d\u00e9cembre (LOPDGDD).<\/p>\n<h3 class=\"wp-block-heading\">Pourquoi traitons-nous vos donn\u00e9es personnelles ?<\/h3>\n<p>Maintenir une relation commerciale avec l\u2019utilisateur. Les op\u00e9rations pr\u00e9vues pour le traitement sont :<\/p>\n<ul>\n<li>Envoi de communications publicitaires commerciales par courrier \u00e9lectronique, fax, SMS, MMS, r\u00e9seaux sociaux ou tout autre moyen \u00e9lectronique ou physique, pr\u00e9sent ou futur, permettant de r\u00e9aliser des communications commerciales. Ces communications doivent \u00eatre effectu\u00e9es par l&rsquo;interm\u00e9diaire du RESPONSABLE et sont li\u00e9es \u00e0 ses produits et services, ou \u00e0 ses collaborateurs ou fournisseurs, avec lesquels il a conclu un accord promotionnel. Dans ce cas, les tiers n\u2019auront jamais acc\u00e8s aux donn\u00e9es personnelles.<\/li>\n<li>R\u00e9aliser des \u00e9tudes de march\u00e9 et des analyses statistiques.<\/li>\n<li>Traiter les demandes, r\u00e9pondre aux requ\u00eates ou \u00e0 tout type de demande formul\u00e9e par l&rsquo;UTILISATEUR via l&rsquo;un des formulaires de contact mis \u00e0 disposition sur le site Web du RESPONSABLE.<\/li>\n<li>Envoyer la newsletter en ligne, sur les nouveaut\u00e9s, les offres et les promotions de notre activit\u00e9.<\/li>\n<\/ul>\n<h3 class=\"wp-block-heading\">Pour quelle raison pouvons-nous traiter vos donn\u00e9es personnelles ?<\/h3>\n<p>Car le traitement est l\u00e9gitim\u00e9 par l\u2019article 6 du RGPD comme suit :<\/p>\n<ul>\n<li><strong>Avec le consentement de l&rsquo;UTILISATEUR :<\/strong> envoi de communications commerciales et de la newsletter.<\/li>\n<li><strong>Pour l\u2019int\u00e9r\u00eat l\u00e9gitime du RESPONSABLE :<\/strong> r\u00e9alisation d\u2019\u00e9tudes de march\u00e9, d\u2019analyses statistiques, etc. et traiter les commandes, les demandes, etc. \u00e0 la demande de l&rsquo;UTILISATEUR.<\/li>\n<\/ul>\n<h3 class=\"wp-block-heading\">Combien de temps conserverons-nous vos donn\u00e9es personnelles ?<\/h3>\n<p>Elles ne seront pas conserv\u00e9es plus longtemps que n\u00e9cessaire pour maintenir la finalit\u00e9 du traitement ou aussi longtemps qu&rsquo;il existe des exigences l\u00e9gales qui dictent leur conservation et lorsqu&rsquo;elles ne sont plus n\u00e9cessaires \u00e0 cet effet, elles seront supprim\u00e9es avec des mesures de s\u00e9curit\u00e9 appropri\u00e9es pour garantir l&rsquo;anonymisation. des donn\u00e9es. ou leur destruction totale.<\/p>\n<h3 class=\"wp-block-heading\">\u00c0 qui communiquons-nous vos donn\u00e9es personnelles ?<\/h3>\n<p>Aucune communication de donn\u00e9es personnelles \u00e0 des tiers n&rsquo;est pr\u00e9vue sauf, si n\u00e9cessaire au d\u00e9veloppement et \u00e0 l&rsquo;ex\u00e9cution des finalit\u00e9s du traitement, \u00e0 nos prestataires de services li\u00e9s aux communications, avec lesquels le RESPONSABLE a formalis\u00e9 des contrats de confidentialit\u00e9 et de traitement. r\u00e9glementation sur la confidentialit\u00e9.<\/p>\n<h3 class=\"wp-block-heading\">Quels sont vos droits ?<\/h3>\n<p>Les droits dont dispose l&rsquo;UTILISATEUR sont :<\/p>\n<ul>\n<li>Droit de retirer son consentement \u00e0 tout moment.<\/li>\n<li>Droit d&rsquo;acc\u00e8s, de rectification, de portabilit\u00e9 et de suppression de vos donn\u00e9es et de limitation ou d&rsquo;opposition \u00e0 leur traitement<\/li>\n<li>Droit de d\u00e9poser une r\u00e9clamation aupr\u00e8s de l&rsquo;autorit\u00e9 de contr\u00f4le (www.aepd.es) si vous estimez que le traitement n&rsquo;est pas conforme \u00e0 la r\u00e9glementation en vigueur.<\/li>\n<\/ul>\n<h4 class=\"wp-block-heading\">Coordonn\u00e9es pour exercer vos droits<\/h4>\n<p>Responsable : CAP DE CREUS DIVE, S.L.<br \/>\nSi\u00e8ge social : Zone industrielle Sud, lot 6 &#8211; 17489 EL PORT DE LA SELVA<br \/>\nT\u00e9l\u00e9phone : +34 649 47 14 18<br \/>\nCourriel : pere@capdecreusdive.com<\/p>\n<h2 class=\"wp-block-heading\">Caract\u00e8re obligatoire ou facultatif des informations fournies par l&rsquo;utilisateur<\/h2>\n<p>Les UTILISATEURS, au moyen des cases correspondantes et de l&rsquo;introduction de donn\u00e9es dans les champs, marqu\u00e9s d&rsquo;un ast\u00e9risque (*) dans le formulaire de contact ou pr\u00e9sent\u00e9s dans les formulaires de t\u00e9l\u00e9chargement, acceptent express\u00e9ment et librement et sans \u00e9quivoque que leurs donn\u00e9es sont n\u00e9cessaires au traitement par le prestataire votre demande, et par cons\u00e9quent l&rsquo;inclusion de donn\u00e9es dans les champs restants est volontaire. L&rsquo;UTILISATEUR garantit que les donn\u00e9es personnelles fournies au RESPONSABLE sont v\u00e9ridiques et s&rsquo;engage \u00e0 communiquer toute modification.<\/p>\n<p>Le RESPONSABLE informe que toutes les donn\u00e9es demand\u00e9es via le site Web sont obligatoires, car elles sont n\u00e9cessaires pour fournir un service optimal \u00e0 l&rsquo;UTILISATEUR. Si toutes les donn\u00e9es ne sont pas fournies, il n\u2019est pas garanti que les informations et services fournis r\u00e9pondront pleinement \u00e0 vos besoins.<\/p>\n<h2 class=\"wp-block-heading\">Mesures de s\u00e9curit\u00e9<\/h2>\n<p>Que, conform\u00e9ment aux dispositions de la r\u00e9glementation en vigueur en mati\u00e8re de protection des donn\u00e9es personnelles, le RESPONSABLE se conforme \u00e0 toutes les dispositions des r\u00e9glementations GDPR et LOPDGDD pour le traitement des donn\u00e9es personnelles sous sa responsabilit\u00e9, et manifestement aux principes d\u00e9crits \u00e0 l&rsquo;article 5 du RGPD, par lequel elles sont trait\u00e9es de mani\u00e8re licite, loyale et transparente \u00e0 l&rsquo;\u00e9gard de la personne concern\u00e9e et sont ad\u00e9quates, pertinentes et limit\u00e9es \u00e0 ce qui est n\u00e9cessaire au regard des finalit\u00e9s pour lesquelles elles sont trait\u00e9es.<\/p>\n<p>Le RESPONSABLE garantit qu&rsquo;il a mis en \u0153uvre des politiques techniques et organisationnelles appropri\u00e9es pour appliquer les mesures de s\u00e9curit\u00e9 \u00e9tablies par le RGPD et la LOPDGDD afin de prot\u00e9ger les droits et libert\u00e9s des UTILISATEURS et leur a communiqu\u00e9 les informations appropri\u00e9es pour qu&rsquo;ils puissent les exercer.<\/p>\n<p>Pour plus d&rsquo;informations sur les garanties de confidentialit\u00e9, vous pouvez contacter le RESPONSABLE via CAP DE CREUS DIVE, S.L. Zone industrielle sud, parcelle 6 &#8211; 17489 EL PORT DE LA SELVA, +34 649 47 14 18, pere@capdecreusdive.com.<\/p>\n<\/div>\n","protected":false},"excerpt":{"rendered":"<p>Politique de confidentialit\u00e9 Informations utilisateur Qui est responsable du traitement de vos donn\u00e9es personnelles ? CAP DE CREUS DIVE, S.L [&hellip;]<\/p>\n","protected":false},"author":1,"featured_media":0,"parent":0,"menu_order":0,"comment_status":"closed","ping_status":"closed","template":"elementor_header_footer","meta":{"site-sidebar-layout":"default","site-content-layout":"","ast-site-content-layout":"default","site-content-style":"default","site-sidebar-style":"default","ast-global-header-display":"","ast-banner-title-visibility":"","ast-main-header-display":"","ast-hfb-above-header-display":"","ast-hfb-below-header-display":"","ast-hfb-mobile-header-display":"","site-post-title":"","ast-breadcrumbs-content":"","ast-featured-img":"","footer-sml-layout":"","ast-disable-related-posts":"","theme-transparent-header-meta":"default","adv-header-id-meta":"","stick-header-meta":"","header-above-stick-meta":"","header-main-stick-meta":"","header-below-stick-meta":"","astra-migrate-meta-layouts":"set","ast-page-background-enabled":"default","ast-page-background-meta":{"desktop":{"background-color":"var(--ast-global-color-5)","background-image":"","background-repeat":"repeat","background-position":"center center","background-size":"auto","background-attachment":"scroll","background-type":"","background-media":"","overlay-type":"","overlay-color":"","overlay-opacity":"","overlay-gradient":""},"tablet":{"background-color":"","background-image":"","background-repeat":"repeat","background-position":"center center","background-size":"auto","background-attachment":"scroll","background-type":"","background-media":"","overlay-type":"","overlay-color":"","overlay-opacity":"","overlay-gradient":""},"mobile":{"background-color":"","background-image":"","background-repeat":"repeat","background-position":"center center","background-size":"auto","background-attachment":"scroll","background-type":"","background-media":"","overlay-type":"","overlay-color":"","overlay-opacity":"","overlay-gradient":""}},"ast-content-background-meta":{"desktop":{"background-color":"var(--ast-global-color-4)","background-image":"","background-repeat":"repeat","background-position":"center center","background-size":"auto","background-attachment":"scroll","background-type":"","background-media":"","overlay-type":"","overlay-color":"","overlay-opacity":"","overlay-gradient":""},"tablet":{"background-color":"var(--ast-global-color-4)","background-image":"","background-repeat":"repeat","background-position":"center center","background-size":"auto","background-attachment":"scroll","background-type":"","background-media":"","overlay-type":"","overlay-color":"","overlay-opacity":"","overlay-gradient":""},"mobile":{"background-color":"var(--ast-global-color-4)","background-image":"","background-repeat":"repeat","background-position":"center center","background-size":"auto","background-attachment":"scroll","background-type":"","background-media":"","overlay-type":"","overlay-color":"","overlay-opacity":"","overlay-gradient":""}},"_joinchat":[],"footnotes":""},"class_list":["post-1383","page","type-page","status-publish","hentry"],"_links":{"self":[{"href":"https:\/\/capdecreusdive.com\/fr\/wp-json\/wp\/v2\/pages\/1383","targetHints":{"allow":["GET"]}}],"collection":[{"href":"https:\/\/capdecreusdive.com\/fr\/wp-json\/wp\/v2\/pages"}],"about":[{"href":"https:\/\/capdecreusdive.com\/fr\/wp-json\/wp\/v2\/types\/page"}],"author":[{"embeddable":true,"href":"https:\/\/capdecreusdive.com\/fr\/wp-json\/wp\/v2\/users\/1"}],"replies":[{"embeddable":true,"href":"https:\/\/capdecreusdive.com\/fr\/wp-json\/wp\/v2\/comments?post=1383"}],"version-history":[{"count":1,"href":"https:\/\/capdecreusdive.com\/fr\/wp-json\/wp\/v2\/pages\/1383\/revisions"}],"predecessor-version":[{"id":1384,"href":"https:\/\/capdecreusdive.com\/fr\/wp-json\/wp\/v2\/pages\/1383\/revisions\/1384"}],"wp:attachment":[{"href":"https:\/\/capdecreusdive.com\/fr\/wp-json\/wp\/v2\/media?parent=1383"}],"curies":[{"name":"wp","href":"https:\/\/api.w.org\/{rel}","templated":true}]}}