{"id":1373,"date":"2025-01-23T20:42:14","date_gmt":"2025-01-23T20:42:14","guid":{"rendered":"https:\/\/capdecreusdive.com\/?page_id=1373"},"modified":"2026-03-19T20:35:32","modified_gmt":"2026-03-19T20:35:32","slug":"politique-de-cookies","status":"publish","type":"page","link":"https:\/\/capdecreusdive.com\/fr\/politique-de-cookies\/","title":{"rendered":"Politique de cookies"},"content":{"rendered":"<h1 id=\"headline-2-92\" class=\"ct-headline\"><span id=\"span-5-92\" class=\"ct-span\">Politique de cookies<\/span><\/h1>\n<div id=\"inner_content-10-92\" class=\"ct-inner-content\">\n<h2 class=\"wp-block-heading\">Informations sur les cookies<\/h2>\n<p>En raison de l&rsquo;entr\u00e9e en vigueur de la modification pertinente de la \u00ab Loi sur les services de la soci\u00e9t\u00e9 de l&rsquo;information \u00bb (LSSICE) \u00e9tablie par le d\u00e9cret royal 13\/2012, il est obligatoire d&rsquo;obtenir le consentement expr\u00e8s de l&rsquo;utilisateur de toutes les pages Web qui utilisent des cookies essentiels, avant vous les parcourez.<\/p>\n<h2 class=\"wp-block-heading\">Que sont les cookies ?<\/h2>\n<p>Les cookies et autres technologies similaires telles que les objets locaux partag\u00e9s, les cookies flash ou les pixels, sont des outils utilis\u00e9s par les serveurs Web pour stocker et r\u00e9cup\u00e9rer des informations sur leurs visiteurs, ainsi que pour assurer le bon fonctionnement du site.<\/p>\n<p>Gr\u00e2ce \u00e0 l&rsquo;utilisation de ces dispositifs, le serveur Web est autoris\u00e9 \u00e0 m\u00e9moriser certaines donn\u00e9es concernant l&rsquo;utilisateur, telles que ses pr\u00e9f\u00e9rences de visualisation des pages de ce serveur, son nom et son mot de passe, les produits qui l&rsquo;int\u00e9ressent le plus, etc.<\/p>\n<h2 class=\"wp-block-heading\">Cookies concern\u00e9s par la r\u00e9glementation et cookies except\u00e9s<\/h2>\n<p>Conform\u00e9ment \u00e0 la directive de l&rsquo;UE, les cookies qui n\u00e9cessitent le consentement \u00e9clair\u00e9 de l&rsquo;utilisateur sont les cookies analytiques et les cookies publicitaires et d&rsquo;affiliation, et ceux de nature technique et ceux n\u00e9cessaires au fonctionnement du site Web ou \u00e0 la fourniture de services sont express\u00e9ment exclus. demand\u00e9 par l&rsquo;utilisateur.<\/p>\n<h2 class=\"wp-block-heading\">Types de cookies<\/h2>\n<h3 class=\"wp-block-heading\">Selon le but<\/h3>\n<ul class=\"wp-block-list\">\n<li><strong>Cookies techniques et fonctionnels :<\/strong> ce sont ceux qui permettent \u00e0 l&rsquo;utilisateur de naviguer sur une page Web, une plateforme ou une application et d&rsquo;utiliser les diff\u00e9rentes options ou services disponibles.<\/li>\n<li><strong>Cookies d&rsquo;analyse :<\/strong> ce sont ceux qui permettent \u00e0 leur responsable de surveiller et d&rsquo;analyser le comportement des utilisateurs des sites Web auxquels ils sont li\u00e9s. Les informations collect\u00e9es via ce type de cookies sont utilis\u00e9es pour mesurer l&rsquo;activit\u00e9 des sites Web, des applications ou des plateformes et pour d\u00e9velopper des profils de navigation des utilisateurs de ces sites, applications et plateformes, afin d&rsquo;introduire des am\u00e9liorations bas\u00e9es sur l&rsquo;analyse des donn\u00e9es d&rsquo;utilisation effectu\u00e9es par utilisateurs du service.<\/li>\n<li><strong>Cookies publicitaires :<\/strong> ce sont ceux qui nous permettent de g\u00e9rer, de la mani\u00e8re la plus efficace possible, les espaces publicitaires que, le cas \u00e9ch\u00e9ant, l&rsquo;\u00e9diteur a inclus sur une page Web, une application ou une plateforme \u00e0 partir de laquelle le service demand\u00e9 est fourni selon des crit\u00e8res tels que comme : le contenu \u00e9dit\u00e9 ou la fr\u00e9quence \u00e0 laquelle les publicit\u00e9s sont diffus\u00e9es.<\/li>\n<li><strong>Cookies de publicit\u00e9 comportementale :<\/strong> collecter des informations sur les pr\u00e9f\u00e9rences et les choix personnels de l&rsquo;utilisateur (reciblage) pour permettre la gestion, de la mani\u00e8re la plus efficace possible, des espaces publicitaires que, le cas \u00e9ch\u00e9ant, l&rsquo;\u00e9diteur a inclus sur une page Web, une application ou une plateforme \u00e0 partir de laquelle il fournit le service demand\u00e9.<\/li>\n<li><strong>Cookies sociaux :<\/strong> ce sont ceux qui ont \u00e9t\u00e9 install\u00e9s par les plateformes de r\u00e9seaux sociaux sur les services pour vous permettre de partager du contenu avec vos amis et vos r\u00e9seaux. Les plateformes de m\u00e9dias sociaux ont la capacit\u00e9 de suivre votre activit\u00e9 en ligne en dehors des Services. Cela peut affecter le contenu et les messages que vous voyez sur les autres services que vous visitez.<\/li>\n<li><strong>Cookies d&rsquo;affiliation :<\/strong> permettent de suivre les visites provenant d&rsquo;autres sites Internet, avec lesquels le site Internet \u00e9tablit un contrat d&rsquo;affiliation (soci\u00e9t\u00e9s affili\u00e9es).<\/li>\n<li><strong>Cookies de s\u00e9curit\u00e9 :<\/strong> ils stockent des informations crypt\u00e9es pour \u00e9viter que les donn\u00e9es qui y sont stock\u00e9es ne soient vuln\u00e9rables aux attaques malveillantes de tiers.<\/li>\n<\/ul>\n<h3 class=\"wp-block-heading\">Selon la propri\u00e9t\u00e9<\/h3>\n<ul class=\"wp-block-list\">\n<li><strong>Cookies propres :<\/strong> ce sont ceux qui sont envoy\u00e9s \u00e0 l&rsquo;\u00e9quipement terminal de l&rsquo;utilisateur \u00e0 partir d&rsquo;un ordinateur ou d&rsquo;un domaine g\u00e9r\u00e9 par l&rsquo;\u00e9diteur lui-m\u00eame et \u00e0 partir duquel le service demand\u00e9 par l&rsquo;utilisateur est fourni.<\/li>\n<li><strong>Cookies tiers :<\/strong> ce sont ceux qui sont envoy\u00e9s \u00e0 l&rsquo;\u00e9quipement terminal de l&rsquo;utilisateur \u00e0 partir d&rsquo;un ordinateur ou d&rsquo;un domaine qui n&rsquo;est pas g\u00e9r\u00e9 par l&rsquo;\u00e9diteur, mais par une autre entit\u00e9 qui traite les donn\u00e9es obtenues via les cookies.<\/li>\n<\/ul>\n<h3 class=\"wp-block-heading\">Selon la dur\u00e9e de conservation<\/h3>\n<ul class=\"wp-block-list\">\n<li><strong>Cookies de session :<\/strong> il s&rsquo;agit d&rsquo;un type de cookies con\u00e7us pour obtenir et stocker des donn\u00e9es pendant que l&rsquo;utilisateur acc\u00e8de \u00e0 une page Web.<\/li>\n<li><strong>Cookies persistants :<\/strong> il s&rsquo;agit d&rsquo;un type de cookies dans lesquels les donn\u00e9es restent stock\u00e9es dans le terminal et peuvent \u00eatre consult\u00e9es et trait\u00e9es pendant une p\u00e9riode d\u00e9finie par le responsable du cookie, et qui peut durer de quelques minutes \u00e0 plusieurs ann\u00e9es.<\/li>\n<\/ul>\n<h2 class=\"wp-block-heading\">Traitement des donn\u00e9es personnelles<\/h2>\n<p>CAP DE CREUS DIVE, S.L. est le responsable du traitement des donn\u00e9es personnelles de la personne concern\u00e9e et l&rsquo;informe que ces donn\u00e9es seront trait\u00e9es conform\u00e9ment aux dispositions du r\u00e8glement (UE) 2016\/679, du 27 avril 2016 (RGPD), pour lequel vous avec les informations de traitement suivantes\u00a0:<\/p>\n<p><strong>Finalit\u00e9s du traitement :<\/strong> telles que pr\u00e9cis\u00e9es dans la section relative aux cookies utilis\u00e9s sur ce site.<\/p>\n<p><strong>L\u00e9gitimation du traitement :<\/strong> par consentement de l&rsquo;int\u00e9ress\u00e9 (art. 6.1 RGPD).<\/p>\n<p><strong>Crit\u00e8res de conservation des donn\u00e9es :<\/strong> tels que pr\u00e9cis\u00e9s dans la section relative aux cookies utilis\u00e9s sur le site.<\/p>\n<p><strong>Communication des donn\u00e9es :<\/strong> les donn\u00e9es ne seront pas communiqu\u00e9es \u00e0 des tiers, sauf dans le cas de cookies appartenant \u00e0 des tiers ou par obligation l\u00e9gale.<\/p>\n<h3 class=\"wp-block-heading\">Droits de la partie int\u00e9ress\u00e9e<\/h3>\n<ul class=\"wp-block-list\">\n<li>Droit de retirer son consentement \u00e0 tout moment.<\/li>\n<li>Droit d&rsquo;acc\u00e8s, de rectification, de portabilit\u00e9 et de suppression de vos donn\u00e9es et de limitation ou d&rsquo;opposition \u00e0 leur traitement.<\/li>\n<li>Droit de d\u00e9poser une r\u00e9clamation aupr\u00e8s de l&rsquo;Autorit\u00e9 de Contr\u00f4le (www.aepd.es) si vous estimez que le traitement n&rsquo;est pas conforme \u00e0 la r\u00e9glementation en vigueur.<\/li>\n<\/ul>\n<h3 class=\"wp-block-heading\">Coordonn\u00e9es pour exercer vos droits<\/h3>\n<p><strong>Adresse enregistr\u00e9e :<\/strong> Zone industrielle Sud, lot 6 &#8211; 17489 LE PORT DE LA FOR\u00caT<br \/>\n<strong>T\u00e9l\u00e9phone :<\/strong> +34 649 47 14 18<br \/>\n<strong>Courriel :<\/strong> pere@capdecreusdive.com<\/p>\n<h2 class=\"wp-block-heading\">Cookies utilis\u00e9s sur ce site<\/h2>\n<h3 class=\"wp-block-heading\">Analytique<\/h3>\n<figure class=\"wp-block-table\">\n<table>\n<thead>\n<tr>\n<th>Nom<\/th>\n<th>Taper<\/th>\n<th>Propri\u00e9t\u00e9<\/th>\n<th>But<\/th>\n<th>Expiration<\/th>\n<\/tr>\n<\/thead>\n<tbody>\n<tr>\n<td>sbjs_current, sbjs_current_add, sbjs_first, sbjs_first_add, sbjs_migrations, sbjs_session, sbjs_ud<\/td>\n<td>Analytique<\/td>\n<td>Tierces parties<\/td>\n<td>Ce cookie est utilis\u00e9 pour identifier l&rsquo;origine d&rsquo;une visite et stocker des informations sur l&rsquo;action de l&rsquo;utilisateur dans un cookie. Il s&rsquo;agit d&rsquo;un cookie analytique et comportemental utilis\u00e9 pour am\u00e9liorer l&rsquo;exp\u00e9rience du visiteur sur le site Web.<\/td>\n<td>Session<\/td>\n<\/tr>\n<tr>\n<td><\/td>\n<td><\/td>\n<td><\/td>\n<td><\/td>\n<td><\/td>\n<\/tr>\n<tr>\n<td><\/td>\n<td><\/td>\n<td><\/td>\n<td><\/td>\n<td><\/td>\n<\/tr>\n<tr>\n<td><\/td>\n<td><\/td>\n<td><\/td>\n<td><\/td>\n<td><\/td>\n<\/tr>\n<\/tbody>\n<\/table>\n<\/figure>\n<h3 class=\"wp-block-heading\">Essencials<\/h3>\n<figure class=\"wp-block-table\">\n<table>\n<thead>\n<tr>\n<th>Nom<\/th>\n<th>Taper<\/th>\n<th>Propri\u00e9t\u00e9<\/th>\n<th>But<\/th>\n<th>Expiration<\/th>\n<\/tr>\n<\/thead>\n<tbody>\n<tr>\n<td>wp-wpml_current_language<\/td>\n<td>Cookies essentiels<\/td>\n<td>Propre<\/td>\n<td>Stocke la langue actuelle. Par d\u00e9faut, ce cookie est d\u00e9fini uniquement pour les utilisateurs connect\u00e9s. Si vous activez le cookie de langue pour prendre en charge le filtrage AJAX, ce cookie sera \u00e9galement d\u00e9fini pour les utilisateurs qui ne sont pas connect\u00e9s.<\/td>\n<td>Session<\/td>\n<\/tr>\n<tr>\n<td>borlabs-cookie<\/td>\n<td>Cookies essentiels<\/td>\n<td>Propre<\/td>\n<td>Enregistre les pr\u00e9f\u00e9rences des visiteurs s\u00e9lectionn\u00e9es dans la bo\u00eete \u00e0 cookies Borlabs.<\/td>\n<td>1 an<\/td>\n<\/tr>\n<tr>\n<td><\/td>\n<td><\/td>\n<td><\/td>\n<td><\/td>\n<td><\/td>\n<\/tr>\n<tr>\n<td><\/td>\n<td><\/td>\n<td><\/td>\n<td><\/td>\n<td><\/td>\n<\/tr>\n<\/tbody>\n<\/table>\n<\/figure>\n<h2 class=\"wp-block-heading\">Panneau de configuration des cookies<\/h2>\n<p>Depuis ce panneau, vous pouvez configurer les cookies que le site Web peut installer dans votre navigateur, \u00e0 l&rsquo;exception des cookies techniques ou fonctionnels n\u00e9cessaires \u00e0 la navigation et \u00e0 l&rsquo;utilisation des diff\u00e9rentes options ou services propos\u00e9s.<\/p>\n<p>Panneau de cookies<\/p>\n<h2 class=\"wp-block-heading\">Comment g\u00e9rer les cookies depuis le navigateur<\/h2>\n<figure class=\"wp-block-table\">\n<table>\n<tbody>\n<tr>\n<td><strong>Supprimer les cookies de l&rsquo;appareil<\/strong><\/td>\n<td>Les cookies d\u00e9j\u00e0 pr\u00e9sents sur un appareil peuvent \u00eatre supprim\u00e9s en effa\u00e7ant l&rsquo;historique du navigateur, ce qui supprime les cookies de tous les sites Web visit\u00e9s.<\/p>\n<p>Cependant, certaines de vos informations enregistr\u00e9es (par exemple, vos informations de connexion ou vos pr\u00e9f\u00e9rences de site Web) peuvent \u00e9galement \u00eatre perdues.<\/td>\n<\/tr>\n<tr>\n<td><strong>G\u00e9rer les cookies sp\u00e9cifiques au site<\/strong><\/td>\n<td>Pour avoir un contr\u00f4le plus pr\u00e9cis sur les cookies sp\u00e9cifiques au site, les utilisateurs peuvent ajuster leurs param\u00e8tres de confidentialit\u00e9 et de cookies dans leur navigateur.<\/td>\n<\/tr>\n<tr>\n<td><strong>Bloquer les cookies<\/strong><\/td>\n<td>Bien que la plupart des navigateurs modernes puissent \u00eatre configur\u00e9s pour emp\u00eacher l\u2019installation de cookies sur les appareils, cela peut vous obliger \u00e0 ajuster manuellement certaines pr\u00e9f\u00e9rences chaque fois que vous visitez un site ou une page. De plus, certains services et fonctionnalit\u00e9s peuvent ne pas fonctionner correctement (par exemple, les connexions de profil).<\/td>\n<\/tr>\n<\/tbody>\n<\/table>\n<\/figure>\n<h2 class=\"wp-block-heading\">Comment supprimer les cookies des navigateurs les plus courants<\/h2>\n<figure class=\"wp-block-table\">\n<table>\n<tbody>\n<tr>\n<td><strong>Chrome<\/strong><\/td>\n<td><a href=\"http:\/\/support.google.com\/chrome\/answer\/95647?hl=es\">http:\/\/support.google.com\/chrome\/answer\/95647?hl=es<\/a><\/td>\n<\/tr>\n<tr>\n<td><strong>Edge<\/strong><\/td>\n<td><a href=\"https:\/\/support.microsoft.com\/es-es\/microsoft-edge\/eliminar-las-cookies-en-microsoft-edge-63947406-40ac-c3b8-57b9-2a946a29ae09\">https:\/\/support.microsoft.com\/es-es\/microsoft-edge\/eliminar-las-cookies-en-microsoft-edge-63947406-40ac-c3b8-57b9-2a946a29ae09<\/a><\/td>\n<\/tr>\n<tr>\n<td><strong>Explorer<\/strong><\/td>\n<td><a href=\"https:\/\/support.microsoft.com\/es-es\/help\/278835\/how-to-delete-cookie-files-in-internet-explorer\">https:\/\/support.microsoft.com\/es-es\/help\/278835\/how-to-delete-cookie-files-in-internet-explorer<\/a><\/td>\n<\/tr>\n<tr>\n<td><strong>Firefox<\/strong><\/td>\n<td><a href=\"https:\/\/www.mozilla.org\/es-ES\/privacy\/websites\/#cookies\">https:\/\/www.mozilla.org\/es-ES\/privacy\/websites\/#cookies<\/a><\/td>\n<\/tr>\n<tr>\n<td><strong>Safari<\/strong><\/td>\n<td><a href=\"https:\/\/support.apple.com\/es-es\/guide\/safari\/sfri11471\/mac\">https:\/\/support.apple.com\/es-es\/guide\/safari\/sfri11471\/mac<\/a><\/td>\n<\/tr>\n<tr>\n<td><strong>Opera<\/strong><\/td>\n<td><a href=\"https:\/\/help.opera.com\/en\/latest\/security-and-privacy\/#clearBrowsingData\">https:\/\/help.opera.com\/en\/latest\/security-and-privacy\/#clearBrowsingData<\/a><\/td>\n<\/tr>\n<\/tbody>\n<\/table>\n<\/figure>\n<\/div>\n","protected":false},"excerpt":{"rendered":"<p>Politique de cookies Informations sur les cookies En raison de l&rsquo;entr\u00e9e en vigueur de la modification pertinente de la \u00ab [&hellip;]<\/p>\n","protected":false},"author":1,"featured_media":0,"parent":0,"menu_order":0,"comment_status":"closed","ping_status":"closed","template":"elementor_header_footer","meta":{"site-sidebar-layout":"default","site-content-layout":"","ast-site-content-layout":"default","site-content-style":"default","site-sidebar-style":"default","ast-global-header-display":"","ast-banner-title-visibility":"","ast-main-header-display":"","ast-hfb-above-header-display":"","ast-hfb-below-header-display":"","ast-hfb-mobile-header-display":"","site-post-title":"","ast-breadcrumbs-content":"","ast-featured-img":"","footer-sml-layout":"","ast-disable-related-posts":"","theme-transparent-header-meta":"default","adv-header-id-meta":"","stick-header-meta":"","header-above-stick-meta":"","header-main-stick-meta":"","header-below-stick-meta":"","astra-migrate-meta-layouts":"set","ast-page-background-enabled":"default","ast-page-background-meta":{"desktop":{"background-color":"var(--ast-global-color-5)","background-image":"","background-repeat":"repeat","background-position":"center center","background-size":"auto","background-attachment":"scroll","background-type":"","background-media":"","overlay-type":"","overlay-color":"","overlay-opacity":"","overlay-gradient":""},"tablet":{"background-color":"","background-image":"","background-repeat":"repeat","background-position":"center center","background-size":"auto","background-attachment":"scroll","background-type":"","background-media":"","overlay-type":"","overlay-color":"","overlay-opacity":"","overlay-gradient":""},"mobile":{"background-color":"","background-image":"","background-repeat":"repeat","background-position":"center center","background-size":"auto","background-attachment":"scroll","background-type":"","background-media":"","overlay-type":"","overlay-color":"","overlay-opacity":"","overlay-gradient":""}},"ast-content-background-meta":{"desktop":{"background-color":"var(--ast-global-color-4)","background-image":"","background-repeat":"repeat","background-position":"center center","background-size":"auto","background-attachment":"scroll","background-type":"","background-media":"","overlay-type":"","overlay-color":"","overlay-opacity":"","overlay-gradient":""},"tablet":{"background-color":"var(--ast-global-color-4)","background-image":"","background-repeat":"repeat","background-position":"center center","background-size":"auto","background-attachment":"scroll","background-type":"","background-media":"","overlay-type":"","overlay-color":"","overlay-opacity":"","overlay-gradient":""},"mobile":{"background-color":"var(--ast-global-color-4)","background-image":"","background-repeat":"repeat","background-position":"center center","background-size":"auto","background-attachment":"scroll","background-type":"","background-media":"","overlay-type":"","overlay-color":"","overlay-opacity":"","overlay-gradient":""}},"_joinchat":[],"footnotes":""},"class_list":["post-1373","page","type-page","status-publish","hentry"],"_links":{"self":[{"href":"https:\/\/capdecreusdive.com\/fr\/wp-json\/wp\/v2\/pages\/1373","targetHints":{"allow":["GET"]}}],"collection":[{"href":"https:\/\/capdecreusdive.com\/fr\/wp-json\/wp\/v2\/pages"}],"about":[{"href":"https:\/\/capdecreusdive.com\/fr\/wp-json\/wp\/v2\/types\/page"}],"author":[{"embeddable":true,"href":"https:\/\/capdecreusdive.com\/fr\/wp-json\/wp\/v2\/users\/1"}],"replies":[{"embeddable":true,"href":"https:\/\/capdecreusdive.com\/fr\/wp-json\/wp\/v2\/comments?post=1373"}],"version-history":[{"count":3,"href":"https:\/\/capdecreusdive.com\/fr\/wp-json\/wp\/v2\/pages\/1373\/revisions"}],"predecessor-version":[{"id":1376,"href":"https:\/\/capdecreusdive.com\/fr\/wp-json\/wp\/v2\/pages\/1373\/revisions\/1376"}],"wp:attachment":[{"href":"https:\/\/capdecreusdive.com\/fr\/wp-json\/wp\/v2\/media?parent=1373"}],"curies":[{"name":"wp","href":"https:\/\/api.w.org\/{rel}","templated":true}]}}