{"id":1156,"date":"2025-01-23T21:14:19","date_gmt":"2025-01-23T21:14:19","guid":{"rendered":"https:\/\/capdecreusdive.com\/producto\/bautismo\/"},"modified":"2025-02-13T16:43:06","modified_gmt":"2025-02-13T16:43:06","slug":"bautismo","status":"publish","type":"product","link":"https:\/\/capdecreusdive.com\/es\/producto\/bautismo\/","title":{"rendered":"Bautismo"},"content":{"rendered":"","protected":false},"excerpt":{"rendered":"<p id=\"text_block-21-32\" class=\"ct-text-block\"><b>Descubre el mundo submarino con nuestro bautismo.<\/b> Es la manera perfecta para principiantes de probar la emoci\u00f3n del buceo sin necesidad de certificaci\u00f3n. Con el acompa\u00f1amiento de nuestros instructores cualificados, te sumergir\u00e1s en un mundo de maravilla y belleza submarina. No se requiere experiencia previa, solo ganas de vivir una experiencia inolvidable bajo el agua. Experimenta el buceo por primera vez en un entorno de aguas tranquilas, bajo la orientaci\u00f3n de un monitor que te guiar\u00e1 en los fundamentos del buceo. Aprovecha tu primera inmersi\u00f3n en el mundo submarino, hasta una profundidad m\u00e1xima de 12 metros.<\/p>\n<p id=\"text_block-22-32\" class=\"ct-text-block\"><b>Requisito:<\/b> <a href=\"https:\/\/capdecreusdive.com\/formulari\/\">Certificado m\u00e9dico o formulario m\u00e9dico<\/a> debidamente cumplimentado; edad m\u00ednima de 10 a\u00f1os.<\/p>\n","protected":false},"featured_media":982,"template":"","meta":{"site-sidebar-layout":"default","site-content-layout":"","ast-site-content-layout":"default","site-content-style":"default","site-sidebar-style":"default","ast-global-header-display":"","ast-banner-title-visibility":"","ast-main-header-display":"","ast-hfb-above-header-display":"","ast-hfb-below-header-display":"","ast-hfb-mobile-header-display":"","site-post-title":"","ast-breadcrumbs-content":"","ast-featured-img":"","footer-sml-layout":"","ast-disable-related-posts":"","theme-transparent-header-meta":"default","adv-header-id-meta":"","stick-header-meta":"","header-above-stick-meta":"","header-main-stick-meta":"","header-below-stick-meta":"","astra-migrate-meta-layouts":"set","ast-page-background-enabled":"default","ast-page-background-meta":{"desktop":{"background-color":"var(--ast-global-color-5)","background-image":"","background-repeat":"repeat","background-position":"center center","background-size":"auto","background-attachment":"scroll","background-type":"","background-media":"","overlay-type":"","overlay-color":"","overlay-opacity":"","overlay-gradient":""},"tablet":{"background-color":"","background-image":"","background-repeat":"repeat","background-position":"center center","background-size":"auto","background-attachment":"scroll","background-type":"","background-media":"","overlay-type":"","overlay-color":"","overlay-opacity":"","overlay-gradient":""},"mobile":{"background-color":"","background-image":"","background-repeat":"repeat","background-position":"center center","background-size":"auto","background-attachment":"scroll","background-type":"","background-media":"","overlay-type":"","overlay-color":"","overlay-opacity":"","overlay-gradient":""}},"ast-content-background-meta":{"desktop":{"background-color":"var(--ast-global-color-4)","background-image":"","background-repeat":"repeat","background-position":"center center","background-size":"auto","background-attachment":"scroll","background-type":"","background-media":"","overlay-type":"","overlay-color":"","overlay-opacity":"","overlay-gradient":""},"tablet":{"background-color":"var(--ast-global-color-4)","background-image":"","background-repeat":"repeat","background-position":"center center","background-size":"auto","background-attachment":"scroll","background-type":"","background-media":"","overlay-type":"","overlay-color":"","overlay-opacity":"","overlay-gradient":""},"mobile":{"background-color":"var(--ast-global-color-4)","background-image":"","background-repeat":"repeat","background-position":"center center","background-size":"auto","background-attachment":"scroll","background-type":"","background-media":"","overlay-type":"","overlay-color":"","overlay-opacity":"","overlay-gradient":""}},"_joinchat":[]},"product_brand":[],"product_cat":[47,46],"product_tag":[],"mwb_booking_people":[],"mwb_booking_cost":[],"mwb_booking_service":[],"class_list":{"0":"post-1156","1":"product","2":"type-product","3":"status-publish","4":"has-post-thumbnail","6":"product_cat-bautismo","7":"product_cat-reservas","8":"desktop-align-left","9":"tablet-align-left","10":"mobile-align-left","12":"first","13":"instock","14":"virtual","15":"purchasable","16":"product-type-mwb_booking"},"_links":{"self":[{"href":"https:\/\/capdecreusdive.com\/es\/wp-json\/wp\/v2\/product\/1156","targetHints":{"allow":["GET"]}}],"collection":[{"href":"https:\/\/capdecreusdive.com\/es\/wp-json\/wp\/v2\/product"}],"about":[{"href":"https:\/\/capdecreusdive.com\/es\/wp-json\/wp\/v2\/types\/product"}],"wp:featuredmedia":[{"embeddable":true,"href":"https:\/\/capdecreusdive.com\/es\/wp-json\/wp\/v2\/media\/982"}],"wp:attachment":[{"href":"https:\/\/capdecreusdive.com\/es\/wp-json\/wp\/v2\/media?parent=1156"}],"wp:term":[{"taxonomy":"product_brand","embeddable":true,"href":"https:\/\/capdecreusdive.com\/es\/wp-json\/wp\/v2\/product_brand?post=1156"},{"taxonomy":"product_cat","embeddable":true,"href":"https:\/\/capdecreusdive.com\/es\/wp-json\/wp\/v2\/product_cat?post=1156"},{"taxonomy":"product_tag","embeddable":true,"href":"https:\/\/capdecreusdive.com\/es\/wp-json\/wp\/v2\/product_tag?post=1156"},{"taxonomy":"mwb_booking_people","embeddable":true,"href":"https:\/\/capdecreusdive.com\/es\/wp-json\/wp\/v2\/mwb_booking_people?post=1156"},{"taxonomy":"mwb_booking_cost","embeddable":true,"href":"https:\/\/capdecreusdive.com\/es\/wp-json\/wp\/v2\/mwb_booking_cost?post=1156"},{"taxonomy":"mwb_booking_service","embeddable":true,"href":"https:\/\/capdecreusdive.com\/es\/wp-json\/wp\/v2\/mwb_booking_service?post=1156"}],"curies":[{"name":"wp","href":"https:\/\/api.w.org\/{rel}","templated":true}]}}