{"id":1907,"date":"2026-02-11T23:37:26","date_gmt":"2026-02-11T23:37:26","guid":{"rendered":"https:\/\/capdecreusdive.com\/?page_id=1907"},"modified":"2026-03-19T20:34:37","modified_gmt":"2026-03-19T20:34:37","slug":"aviso-legal","status":"publish","type":"page","link":"https:\/\/capdecreusdive.com\/es\/aviso-legal\/","title":{"rendered":"Aviso legal"},"content":{"rendered":"<h2>AVISO LEGAL<\/h2>\n<p><strong>LEY DE LOS SERVICIOS DE LA SOCIEDAD DE LA INFORMACI\u00d3N (LSSI)<\/strong><br \/>\nJEFE DE CRUZES DIVE, S.L, responsable del sitio web, en adelante el RESPONSABLE, pone a disposici\u00f3n de los usuarios este documento, con el que pretende hacer cumplir las obligaciones que establece la Ley 34\/2002, de 11 de julio, de Servicios de la Sociedad de la Informaci\u00f3n y de Comercio Electr\u00f3nico (LSSICE), BOE N\u00ba\u00ba de uso.<\/p>\n<p>Cualquier persona que acceda a este sitio web asume el papel de usuario y se compromete a la observancia y cumplimiento riguroso de las disposiciones que se establecen, as\u00ed como a cualquier otra disposici\u00f3n legal se le aplique.<\/p>\n<p>CAP DE CREUS DIVE, S.L se reserva el derecho de modificar cualquier tipo de informaci\u00f3n que pueda aparecer en el sitio web, sin la obligaci\u00f3n de preavisar o enterar a los usuarios de estas obligaciones, dado que se considera suficiente la publicaci\u00f3n en el sitio web de CAP DE CREUS DIVE, S.L<\/p>\n<p><strong>1. DATOS IDENTIFICADORES<\/strong><\/p>\n<ul>\n<li><strong>Nombre del dominio:<\/strong> https:\/\/capdecreusdive.com\/ Denominaci\u00f3n social: JEFE DE CREUS DIVE, S.L<\/li>\n<li><strong>NIF:<\/strong> B44823250<\/li>\n<li><strong>Domicilio social:<\/strong> Zona industrial sur, parcela 6 &#8211; 17489 EL PORT DE LA SELVA<\/li>\n<li><strong>Tel\u00e9fono:<\/strong> +34 649 47 14 18 E-mail: pere@capdecreusdive.com<\/li>\n<li>Inscripci\u00f3n registral: Registro mercantil de Girona T 3425 , F 221, S 8, H GI 71895, I\/A 1<\/li>\n<\/ul>\n<p><strong>2. DERECHOS DE PROPIEDAD INTELECTUAL E INDUSTRIAL<\/strong><br \/>\nEl sitio web, incluyendo a t\u00edtulo enunciativo pero no limitativo su programaci\u00f3n, edici\u00f3n, compilaci\u00f3n y otros elementos necesarios para su funcionamiento, los dise\u00f1os, logotipos, texto y\/o gr\u00e1ficos, son propiedad del RESPONSABLE o, en su caso, dispone de licencia o autorizaci\u00f3n expresa por parte de los autores. Todos los contenidos del sitio web se encuentran debidamente protegidos por la normativa de propiedad intelectual e industrial, as\u00ed como inscritos en los registros p\u00fablicos correspondientes.<\/p>\n<p>Independientemente de la finalidad para la que fuesen destinados, la reproducci\u00f3n total o parcial, uso, explotaci\u00f3n, distribuci\u00f3n y comercializaci\u00f3n, requiere en todo caso la autorizaci\u00f3n escrita previa por parte del RESPONSABLE. Cualquier uso no autorizado previamente se considerar\u00e1 un incumplimiento grave de los derechos de propiedad intelectual o industrial del autor.<\/p>\n<p>Los dise\u00f1os, logotipos, texto y\/o gr\u00e1ficos ajenos al RESPONSABLE y que puedan aparecer en el sitio web, pertenecen a sus respectivos propietarios, quienes son responsables de cualquier posible controversia que pueda desprenderse. El RESPONSABLE autoriza expresamente que terceros puedan redirigir directamente a los contenidos concretos del sitio web, y en cualquier caso redirigir al sitio web principal de https:\/\/capdecreusdive.com\/<\/p>\n<p>El RESPONSABLE reconoce a favor de sus titulares los correspondientes derechos de propiedad intelectual e industrial, sin implicar su sola menci\u00f3n o aparici\u00f3n en el sitio web la existencia de derechos o responsabilidad sobre los mismos, ni el apoyo, patrocinio o recomendaci\u00f3n por parte del RESPONSABLE. JEFE DE CRUZES DIVE, S.L.<br \/>\nPara efectuar cualquier tipo de observaci\u00f3n respecto a posibles incumplimientos de los derechos de propiedad intelectual o industrial, as\u00ed como sobre cualquiera de los contenidos del sitio web, puede realizarlo a trav\u00e9s del correo electr\u00f3nico pere@capdecreusdive.com<\/p>\n<p><strong>3. EXENCI\u00d3N DE RESPONSABILIDADES<\/strong><br \/>\nEl RESPONSABLE se exime de cualquier tipo de responsabilidad derivada de la informaci\u00f3n publicada en su sitio web en caso de que esta informaci\u00f3n haya sido manipulada o introducida por un tercero ajeno al RESPONSABLE.<\/p>\n<p><strong>Uso de Cookies<\/strong><br \/>\nPuede que este sitio web utilice cookies t\u00e9cnicas (peque\u00f1os archivos de informaci\u00f3n que el servidor env\u00eda al ordenador de quien accede a la p\u00e1gina) para llevar a cabo determinadas funciones que se consideran imprescindibles para el correcto funcionamiento y visualizaci\u00f3n de la web. Las cookies utilizadas tienen, en cualquier caso, car\u00e1cter temporal, con la \u00fanica finalidad de hacer que la navegaci\u00f3n sea m\u00e1s eficiente, desapareciendo al finalizar la sesi\u00f3n del usuario. En ning\u00fan caso, estas cookies proporcionan por s\u00ed mismas datos de car\u00e1cter personal y no se utilizar\u00e1n para recabar datos de este tipo.<\/p>\n<p>Mediante el uso de cookies tambi\u00e9n es posible que el servidor en el que se encuentra la web reconozca el navegador que utiliza el usuario, con el fin de que la navegaci\u00f3n sea m\u00e1s sencilla, permitiendo, por ejemplo, el acceso de los usuarios que se hayan registrado previamente en las \u00e1reas, servicios, promociones o concursos reservados exclusivamente a ellos sin tener que registrarse en cada visita. Tambi\u00e9n se pueden utilizar para medir la audiencia, par\u00e1metros de tr\u00e1fico, controlar el progreso y n\u00famero de entradas, etc. En estos casos, las cookies son prescindibles t\u00e9cnicamente pero beneficiosas para el usuario. Este sitio web no instalar\u00e1 cookies prescindibles sin el previo consentimiento del usuario.<\/p>\n<p>Este sitio web utiliza cookies propias y de terceros para fines anal\u00edticos y para mostrarle publicidad personalizada seg\u00fan un perfil elaborado a partir de sus h\u00e1bitos de navegaci\u00f3n (por ejemplo, p\u00e1ginas visitadas). A todos los usuarios que visiten la web se les informa del uso de estas cookies mediante un banner flotante. En caso de aceptar su uso, el banner desaparecer\u00e1, aunque en todo momento podr\u00e1n revocar el consentimiento y obtener m\u00e1s informaci\u00f3n consultando nuestra Pol\u00edtica de cookies.<\/p>\n<p>El usuario tiene la posibilidad de configurar su navegador para ser alertado de la recepci\u00f3n de cookies y para impedir su instalaci\u00f3n en su equipo. Por favor, consulte las instrucciones de su navegador para ampliar esta informaci\u00f3n.<\/p>\n<p><strong>Pol\u00edtica de enlaces<\/strong><br \/>\nDesde el sitio web, es posible que se redirija a contenidos de terceros sitios web. Dado que el RESPONSABLE no puede controlar siempre los contenidos introducidos por terceros en sus respectivos sitios web, no asume ning\u00fan tipo de responsabilidad respecto a estos contenidos. En cualquier caso, retirar\u00e1 inmediatamente cualquier contenido que pueda transgredir la legislaci\u00f3n nacional o internacional, la moral o el orden p\u00fablico, retirando inmediatamente la redirecci\u00f3n a este sitio web y enterando a las autoridades competentes del contenido en cuesti\u00f3n.<br \/>\nEl RESPONSABLE no se hace responsable de la informaci\u00f3n y contenidos almacenados, a t\u00edtulo enunciativo pero no limitativo, en foros, chats, generadores de blogs, comentarios, redes sociales o cualquier otro medio que permita a terceros publicar contenidos de forma independiente en la p\u00e1gina web del RESPONSABLE. No obstante, y en cumplimiento de lo establecido en los art\u00edculos 11 y 16 de la LSSICE, se pone a disposici\u00f3n de todos los usuarios, autoridades y fuerzas de seguridad que colaboren de forma activa en la retirada o, en su caso,<\/p>\n<p>JEFE DE CRUZES DIVE, S.L. bloqueo de cuantos contenidos puedan afectar o transgredir la legislaci\u00f3n nacional o internacional, los derechos de terceros o la moral y el orden p\u00fablico. En caso de que el usuario considere que el sitio web contiene material que pueda ser susceptible de esta clasificaci\u00f3n, le rogamos que lo notifique inmediatamente al administrador del sitio web.<\/p>\n<p>Este sitio web se ha revisado y probado para que funcione correctamente. En principio, puede garantizarse que funcionar\u00e1 correctamente los 365 d\u00edas del a\u00f1o y las 24 horas al d\u00eda. No obstante, el RESPONSABLE no descarta la posibilidad de que se produzcan errores de programaci\u00f3n, o de que ocurran causas de fuerza mayor, cat\u00e1strofes naturales, huelgas o circunstancias similares que hagan imposible el acceso a la p\u00e1gina web.<\/p>\n<p><strong>Direcciones IP<\/strong><br \/>\nLos servidores del sitio web podr\u00e1n detectar autom\u00e1ticamente la direcci\u00f3n IP y el nombre del dominio utilizados por el usuario. Una direcci\u00f3n IP es un n\u00famero asignado autom\u00e1ticamente a un ordenador en cuanto se conecta a Internet. Toda esta informaci\u00f3n queda registrada en un fichero de actividad del servidor debidamente inscrito que permite procesar los datos posteriormente para obtener mediciones \u00fanicamente estad\u00edsticas que permitan conocer el n\u00famero de impresiones de p\u00e1ginas, el n\u00famero de visitas efectuadas en los servidores web, el orden de visitas, el punto de acceso, etc.<\/p>\n<p><strong>4. LEY APLICABLE Y JURISDICCI\u00d3N<\/strong><br \/>\nPara la resoluci\u00f3n de todas las controversias o cuestiones relacionadas con este sitio web o de las actividades que se llevan a cabo, se aplicar\u00e1 la legislaci\u00f3n espa\u00f1ola, a la que se someten expresamente las partes, los cuales tendr\u00e1n competencia suficiente para la resoluci\u00f3n de todos los conflictos derivados o relacionados con su uso los Juzgados y Tribunales del domicilio de US<\/p>\n","protected":false},"excerpt":{"rendered":"<p>AVISO LEGAL LEY DE LOS SERVICIOS DE LA SOCIEDAD DE LA INFORMACI\u00d3N (LSSI) JEFE DE CRUZES DIVE, S.L, responsable del [&hellip;]<\/p>\n","protected":false},"author":1,"featured_media":0,"parent":0,"menu_order":0,"comment_status":"closed","ping_status":"closed","template":"elementor_header_footer","meta":{"site-sidebar-layout":"default","site-content-layout":"","ast-site-content-layout":"default","site-content-style":"default","site-sidebar-style":"default","ast-global-header-display":"","ast-banner-title-visibility":"","ast-main-header-display":"","ast-hfb-above-header-display":"","ast-hfb-below-header-display":"","ast-hfb-mobile-header-display":"","site-post-title":"","ast-breadcrumbs-content":"","ast-featured-img":"","footer-sml-layout":"","ast-disable-related-posts":"","theme-transparent-header-meta":"default","adv-header-id-meta":"","stick-header-meta":"","header-above-stick-meta":"","header-main-stick-meta":"","header-below-stick-meta":"","astra-migrate-meta-layouts":"set","ast-page-background-enabled":"default","ast-page-background-meta":{"desktop":{"background-color":"var(--ast-global-color-5)","background-image":"","background-repeat":"repeat","background-position":"center center","background-size":"auto","background-attachment":"scroll","background-type":"","background-media":"","overlay-type":"","overlay-color":"","overlay-opacity":"","overlay-gradient":""},"tablet":{"background-color":"","background-image":"","background-repeat":"repeat","background-position":"center center","background-size":"auto","background-attachment":"scroll","background-type":"","background-media":"","overlay-type":"","overlay-color":"","overlay-opacity":"","overlay-gradient":""},"mobile":{"background-color":"","background-image":"","background-repeat":"repeat","background-position":"center center","background-size":"auto","background-attachment":"scroll","background-type":"","background-media":"","overlay-type":"","overlay-color":"","overlay-opacity":"","overlay-gradient":""}},"ast-content-background-meta":{"desktop":{"background-color":"var(--ast-global-color-4)","background-image":"","background-repeat":"repeat","background-position":"center center","background-size":"auto","background-attachment":"scroll","background-type":"","background-media":"","overlay-type":"","overlay-color":"","overlay-opacity":"","overlay-gradient":""},"tablet":{"background-color":"var(--ast-global-color-4)","background-image":"","background-repeat":"repeat","background-position":"center center","background-size":"auto","background-attachment":"scroll","background-type":"","background-media":"","overlay-type":"","overlay-color":"","overlay-opacity":"","overlay-gradient":""},"mobile":{"background-color":"var(--ast-global-color-4)","background-image":"","background-repeat":"repeat","background-position":"center center","background-size":"auto","background-attachment":"scroll","background-type":"","background-media":"","overlay-type":"","overlay-color":"","overlay-opacity":"","overlay-gradient":""}},"_joinchat":[],"footnotes":""},"class_list":["post-1907","page","type-page","status-publish","hentry"],"_links":{"self":[{"href":"https:\/\/capdecreusdive.com\/es\/wp-json\/wp\/v2\/pages\/1907","targetHints":{"allow":["GET"]}}],"collection":[{"href":"https:\/\/capdecreusdive.com\/es\/wp-json\/wp\/v2\/pages"}],"about":[{"href":"https:\/\/capdecreusdive.com\/es\/wp-json\/wp\/v2\/types\/page"}],"author":[{"embeddable":true,"href":"https:\/\/capdecreusdive.com\/es\/wp-json\/wp\/v2\/users\/1"}],"replies":[{"embeddable":true,"href":"https:\/\/capdecreusdive.com\/es\/wp-json\/wp\/v2\/comments?post=1907"}],"version-history":[{"count":4,"href":"https:\/\/capdecreusdive.com\/es\/wp-json\/wp\/v2\/pages\/1907\/revisions"}],"predecessor-version":[{"id":1911,"href":"https:\/\/capdecreusdive.com\/es\/wp-json\/wp\/v2\/pages\/1907\/revisions\/1911"}],"wp:attachment":[{"href":"https:\/\/capdecreusdive.com\/es\/wp-json\/wp\/v2\/media?parent=1907"}],"curies":[{"name":"wp","href":"https:\/\/api.w.org\/{rel}","templated":true}]}}