{"id":1377,"date":"2025-01-23T20:42:14","date_gmt":"2025-01-23T20:42:14","guid":{"rendered":"https:\/\/capdecreusdive.com\/?page_id=1377"},"modified":"2026-03-19T20:34:38","modified_gmt":"2026-03-19T20:34:38","slug":"politica-de-cookies","status":"publish","type":"page","link":"https:\/\/capdecreusdive.com\/es\/politica-de-cookies\/","title":{"rendered":"Pol\u00edtica de cookies"},"content":{"rendered":"<h1 id=\"headline-2-92\" class=\"ct-headline\"><span id=\"span-5-92\" class=\"ct-span\">Pol\u00edtica de cookies<\/span><\/h1>\n<div id=\"inner_content-10-92\" class=\"ct-inner-content\">\n<h2 class=\"wp-block-heading\">Informaci\u00f3n sobre cookies<\/h2>\n<p>Debido a la entrada en vigor de la referente modificaci\u00f3n de la Ley de Servicios de la Sociedad de la Informaci\u00f3n (LSSICE) establecida por el Real Decreto 13\/2012, es obligado obtener el consentimiento expreso del usuario de todas las p\u00e1ginas web que utilizan\u00a0cookies\u00a0prescindibles, antes de que \u00e9ste navegue por ellas.<\/p>\n<h2 class=\"wp-block-heading\">\u00bfQu\u00e9 son las cookies?<\/h2>\n<p>Las cookies y otras tecnolog\u00edas similares como local shared objects, flash cookies o p\u00edxeles, son herramientas empleadas por los servidores Web para almacenar y recuperar informaci\u00f3n sobre sus visitantes, as\u00ed como para ofrecer un correcto funcionamiento del sitio.<\/p>\n<p>Mediante el uso de estos dispositivos se permite al servidor Web recordar algunos datos referentes al usuario, como sus preferencias para la visualizaci\u00f3n de las p\u00e1ginas de ese servidor, nombre y contrase\u00f1a, productos que m\u00e1s le interesan, etc.<\/p>\n<h2 class=\"wp-block-heading\">Cookies contempladas en el reglamento y cookies exceptuadas<\/h2>\n<p>Seg\u00fan la directiva de la UE, las cookies que requieren el consentimiento informado por parte del usuario son las cookies anal\u00edticas y las de publicidad y afiliaci\u00f3n, y quedan exceptuadas las de car\u00e1cter t\u00e9cnico y las necesarias para el funcionamiento del sitio web o la prestaci\u00f3n de servicios expresamente solicitados por el usuario.<\/p>\n<h2 class=\"wp-block-heading\">Tipo de cookies<\/h2>\n<h3 class=\"wp-block-heading\">Seg\u00fan la finalidad<\/h3>\n<ul class=\"wp-block-list\">\n<li><strong>Cookies\u00a0t\u00e9cnicas y funcionales:<\/strong> son las que permiten al usuario navegar a trav\u00e9s de una p\u00e1gina web, plataforma o aplicaci\u00f3n y utilizar las diferentes opciones o servicios existentes.<\/li>\n<li><strong>Cookies de an\u00e1lisis:<\/strong> son las que permiten al responsable de \u00e9stas monitorizar y analizar el comportamiento de los usuarios de los sitios web a los que est\u00e1n vinculados. La informaci\u00f3n recogida mediante este tipo de cookies se utiliza en la medici\u00f3n de la actividad de los sitios web, aplicaci\u00f3n o plataforma y para elaborar perfiles de navegaci\u00f3n de los usuarios de estos sitios, aplicaciones y plataformas, a fin de introducir mejoras en funci\u00f3n del an\u00e1lisis de los datos de uso que realizan los usuarios del servicio.<\/li>\n<li><strong>Cookies publicitarias:<\/strong> son aquellas que permiten gestionar, de la forma m\u00e1s eficaz posible, los espacios publicitarios que, en su caso, el editor haya incluido en una p\u00e1gina web, aplicaci\u00f3n o plataforma desde la que presta el servicio solicitado seg\u00fan criterios como el contenido editado o la frecuencia en la que se muestran los anuncios.<\/li>\n<li><strong>Cookies de publicidad comportamental:<\/strong> recogen informaci\u00f3n sobre las preferencias y elecciones personales del usuario (retargeting) para permitir gestionar, de la forma m\u00e1s eficaz posible, los espacios publicitarios que, en su caso, el editor haya incluido en una p\u00e1gina web, aplicaci\u00f3n o plataforma desde la que presta el servicio solicitado.<\/li>\n<li><strong>Cookies sociales:<\/strong> son aquellas que han sido instaladas por las plataformas de redes sociales en los servicios para permitirle compartir contenido con sus amigos y redes. Las plataformas de medios sociales tienen la capacidad de rastrear su actividad online fuera de los Servicios. Esto puede afectar al contenido y mensajes que ve en otros servicios que visite.<\/li>\n<li><strong>Cookies de afiliados:<\/strong> permiten realizar un seguimiento de las visitas procedentes de otras webs, con las que el sitio web establece un contrato de afiliaci\u00f3n (empresas de afiliaci\u00f3n).<\/li>\n<li><strong>Cookies\u00a0de seguridad:<\/strong> almacenan informaci\u00f3n cifrada para evitar que los datos que se guardan sean vulnerables a ataques maliciosos de terceros.<\/li>\n<\/ul>\n<h3 class=\"wp-block-heading\">Seg\u00fan la propiedad<\/h3>\n<ul class=\"wp-block-list\">\n<li><strong>Cookies propias:<\/strong> son las que se env\u00edan al equipo terminal del usuario desde un equipo o dominio gestionado por el propio editor y desde el que se proporciona el servicio solicitado por el usuario.<\/li>\n<li><strong>Cookies\u00a0de terceros:<\/strong> son las que se env\u00edan al equipo terminal del usuario desde un equipo o dominio que no es gestionado por el editor, sino por otra entidad que trata los datos obtenidos mediante las cookies.<\/li>\n<\/ul>\n<h3 class=\"wp-block-heading\">Seg\u00fan el plazo de conservaci\u00f3n<\/h3>\n<ul class=\"wp-block-list\">\n<li><strong>Cookies de sesi\u00f3n:<\/strong> son un tipo de cookies dise\u00f1adas para obtener y almacenar datos mientras el usuario accede a una p\u00e1gina web.<\/li>\n<li><strong>Cookies\u00a0persistentes:<\/strong> son un tipo de cookies en las que los datos siguen almacenados en el terminal y pueden ser accedidos y tratados durante un per\u00edodo definido por el responsable de la cookie, y que durar desde unos minutos a varios a\u00f1os.<\/li>\n<\/ul>\n<h2 class=\"wp-block-heading\">Tratamiento de datos personales<\/h2>\n<p>JEFE DE CRUZES DIVE, S.L. es el\u00a0Responsable del tratamiento\u00a0de los datos personales del Interesado\u00a0y le informa que estos datos se tratar\u00e1n de conformidad con lo establecido en el Reglamento (UE) 2016\/679, de 27 de abril de 2016 (GDPR), por la lo que se le facilita la siguiente informaci\u00f3n del tratamiento:<\/p>\n<p><strong>Finalidades del tratamiento:<\/strong> seg\u00fan se especifica en el apartado de cookies que se utilizan en este sitio web.<\/p>\n<p><strong>Legitimaci\u00f3n del tratamiento:<\/strong> por consentimiento del interesado (art. 6.1 GDPR).<\/p>\n<p><strong>Criterios de conservaci\u00f3n de los datos:<\/strong> seg\u00fan se especifica en el apartado de cookies utilizadas en la web.<\/p>\n<p><strong>Comunicaci\u00f3n de los datos:<\/strong> no se comunicar\u00e1n los datos a terceros, salvo en cookies propiedad de terceros o por obligaci\u00f3n legal.<\/p>\n<h3 class=\"wp-block-heading\">Derechos que tiene el Interesado<\/h3>\n<ul class=\"wp-block-list\">\n<li>Derecho a retirar su consentimiento en cualquier momento<\/li>\n<li>Derecho de acceso, rectificaci\u00f3n, portabilidad y supresi\u00f3n de sus datos y de limitaci\u00f3n u oposici\u00f3n a su tratamiento.<\/li>\n<li>Derecho a presentar reclamaci\u00f3n ante la Autoridad de control (www.aepd.es) si considera que el tratamiento no se ajusta a la normativa vigente.<\/li>\n<\/ul>\n<h3 class=\"wp-block-heading\">Datos de contacto para ejercer sus derechos<\/h3>\n<p><strong>Domicilio social:<\/strong> Zona industrial sur, parcela 6 &#8211; 17489 EL PORT DE LA SELVA<br \/>\n<strong>Tel\u00e9fono:<\/strong> +34 649 47 14 18<br \/>\n<strong>E-mail:\u00a0<\/strong>pere@capdecreusdive.com<\/p>\n<h2 class=\"wp-block-heading\">Cookies utilizadas en este sitio web<\/h2>\n<h3 class=\"wp-block-heading\">Anal\u00edticas<\/h3>\n<figure class=\"wp-block-table\">\n<table>\n<thead>\n<tr>\n<th>Nombre<\/th>\n<th>Tipo<\/th>\n<th>Propietario<\/th>\n<th>Finalidad<\/th>\n<th>Caducidad<\/th>\n<\/tr>\n<\/thead>\n<tbody>\n<tr>\n<td>sbjs_current, sbjs_current_add, sbjs_first, sbjs_first_add, sbjs_migrations, sbjs_session, sbjs_ud<\/td>\n<td>Anal\u00edtica<\/td>\n<td>Terceros<\/td>\n<td>Esta cookie sirve para identificar el origen de una visita y almacenar informaci\u00f3n sobre la acci\u00f3n del usuario en una cookie. Se trata de una cookie anal\u00edtica y de comportamiento que se utiliza para mejorar la experiencia del visitante en el sitio web.<\/td>\n<td>Sesi\u00f3n<\/td>\n<\/tr>\n<tr>\n<td><\/td>\n<td><\/td>\n<td><\/td>\n<td><\/td>\n<td><\/td>\n<\/tr>\n<tr>\n<td><\/td>\n<td><\/td>\n<td><\/td>\n<td><\/td>\n<td><\/td>\n<\/tr>\n<tr>\n<td><\/td>\n<td><\/td>\n<td><\/td>\n<td><\/td>\n<td><\/td>\n<\/tr>\n<\/tbody>\n<\/table>\n<\/figure>\n<h3 class=\"wp-block-heading\">Essencials<\/h3>\n<figure class=\"wp-block-table\">\n<table>\n<thead>\n<tr>\n<th>Nombre<\/th>\n<th>Tipo<\/th>\n<th>Propietario<\/th>\n<th>Finalidad<\/th>\n<th>Caducidad<\/th>\n<\/tr>\n<\/thead>\n<tbody>\n<tr>\n<td>wp-wpml_current_language<\/td>\n<td>Cookies Esenciales<\/td>\n<td>Propia<\/td>\n<td>Almacena el idioma actual. De forma predeterminada, esta cookie s\u00f3lo se establece para los usuarios conectados. Si activa la cookie de idioma para admitir el filtrado AJAX, esta cookie tambi\u00e9n se establecer\u00e1 para los usuarios que no hayan iniciado la sesi\u00f3n.<\/td>\n<td>Sesi\u00f3n<\/td>\n<\/tr>\n<tr>\n<td>borlabs-cookie<\/td>\n<td>Cookies Esenciales<\/td>\n<td>Propia<\/td>\n<td>Guarda las preferencias de los visitantes seleccionadas en la Caja de cookies de Borlabs Cookie.<\/td>\n<td>1 a\u00f1o<\/td>\n<\/tr>\n<tr>\n<td><\/td>\n<td><\/td>\n<td><\/td>\n<td><\/td>\n<td><\/td>\n<\/tr>\n<tr>\n<td><\/td>\n<td><\/td>\n<td><\/td>\n<td><\/td>\n<td><\/td>\n<\/tr>\n<\/tbody>\n<\/table>\n<\/figure>\n<h2 class=\"wp-block-heading\">Panel de configuraci\u00f3n de cookies<\/h2>\n<p>Desde este panel puede configurar las cookies que el sitio web puede instalar en su navegador, excepto las cookies t\u00e9cnicas o funcionales necesarias para la navegaci\u00f3n y la utilizaci\u00f3n de las diferentes opciones o servicios que se ofrecen.<\/p>\n<p>Panel de cookies<\/p>\n<h2 class=\"wp-block-heading\">C\u00f3mo gestionar las cookies desde el navegador<\/h2>\n<figure class=\"wp-block-table\">\n<table>\n<tbody>\n<tr>\n<td><strong>Eliminar las cookies del dispositivo<\/strong><\/td>\n<td>Las cookies que ya se encuentran en un dispositivo se pueden eliminar borrando el historial del navegador, por lo que se suprimen las cookies de todos los sitios web visitados.<\/p>\n<p>Sin embargo, tambi\u00e9n puede perderse parte de la informaci\u00f3n guardada (por ejemplo, los datos de inicio de sesi\u00f3n o las preferencias de sitio web).<\/td>\n<\/tr>\n<tr>\n<td><strong>Gestionar las cookies espec\u00edficas del sitio<\/strong><\/td>\n<td>Para tener un control m\u00e1s preciso de las cookies espec\u00edficas de cada sitio, los usuarios pueden ajustar su configuraci\u00f3n de privacidad y cookies en el navegador.<\/td>\n<\/tr>\n<tr>\n<td><strong>Bloquear las cookies<\/strong><\/td>\n<td>Aunque la mayor\u00eda de los navegadores modernos se pueden configurar para evitar que se instalen cookies en los dispositivos, esto puede obligar a ajustar manualmente determinadas preferencias cada vez que se visite un sitio o p\u00e1gina. Algunos servicios y caracter\u00edsticas pueden no funcionar correctamente (por ejemplo, los inicios de sesi\u00f3n con perfil).<\/td>\n<\/tr>\n<\/tbody>\n<\/table>\n<\/figure>\n<h2 class=\"wp-block-heading\">C\u00f3mo eliminar las cookies de los navegadores m\u00e1s comunes<\/h2>\n<figure class=\"wp-block-table\">\n<table>\n<tbody>\n<tr>\n<td><strong>Chrome<\/strong><\/td>\n<td><a href=\"http:\/\/support.google.com\/chrome\/answer\/95647?hl=es\">http:\/\/support.google.com\/chrome\/answer\/95647?hl=es<\/a><\/td>\n<\/tr>\n<tr>\n<td><strong>Edge<\/strong><\/td>\n<td><a href=\"https:\/\/support.microsoft.com\/es-es\/microsoft-edge\/eliminar-las-cookies-en-microsoft-edge-63947406-40ac-c3b8-57b9-2a946a29ae09\">https:\/\/support.microsoft.com\/es-es\/microsoft-edge\/eliminar-las-cookies-en-microsoft-edge-63947406-40ac-c3b8-57b9-2a946a29ae09<\/a><\/td>\n<\/tr>\n<tr>\n<td><strong>Explorer<\/strong><\/td>\n<td><a href=\"https:\/\/support.microsoft.com\/es-es\/help\/278835\/how-to-delete-cookie-files-in-internet-explorer\">https:\/\/support.microsoft.com\/es-es\/help\/278835\/how-to-delete-cookie-files-in-internet-explorer<\/a><\/td>\n<\/tr>\n<tr>\n<td><strong>Firefox<\/strong><\/td>\n<td><a href=\"https:\/\/www.mozilla.org\/es-ES\/privacy\/websites\/#cookies\">https:\/\/www.mozilla.org\/es-ES\/privacy\/websites\/#cookies<\/a><\/td>\n<\/tr>\n<tr>\n<td><strong>Safari<\/strong><\/td>\n<td><a href=\"https:\/\/support.apple.com\/es-es\/guide\/safari\/sfri11471\/mac\">https:\/\/support.apple.com\/es-es\/guide\/safari\/sfri11471\/mac<\/a><\/td>\n<\/tr>\n<tr>\n<td><strong>Opera<\/strong><\/td>\n<td><a href=\"https:\/\/help.opera.com\/en\/latest\/security-and-privacy\/#clearBrowsingData\">https:\/\/help.opera.com\/en\/latest\/security-and-privacy\/#clearBrowsingData<\/a><\/td>\n<\/tr>\n<\/tbody>\n<\/table>\n<\/figure>\n<\/div>\n","protected":false},"excerpt":{"rendered":"<p>Pol\u00edtica de cookies Informaci\u00f3n sobre cookies Debido a la entrada en vigor de la referente modificaci\u00f3n de la Ley de [&hellip;]<\/p>\n","protected":false},"author":1,"featured_media":0,"parent":0,"menu_order":0,"comment_status":"closed","ping_status":"closed","template":"elementor_header_footer","meta":{"site-sidebar-layout":"default","site-content-layout":"","ast-site-content-layout":"default","site-content-style":"default","site-sidebar-style":"default","ast-global-header-display":"","ast-banner-title-visibility":"","ast-main-header-display":"","ast-hfb-above-header-display":"","ast-hfb-below-header-display":"","ast-hfb-mobile-header-display":"","site-post-title":"","ast-breadcrumbs-content":"","ast-featured-img":"","footer-sml-layout":"","ast-disable-related-posts":"","theme-transparent-header-meta":"default","adv-header-id-meta":"","stick-header-meta":"","header-above-stick-meta":"","header-main-stick-meta":"","header-below-stick-meta":"","astra-migrate-meta-layouts":"set","ast-page-background-enabled":"default","ast-page-background-meta":{"desktop":{"background-color":"var(--ast-global-color-5)","background-image":"","background-repeat":"repeat","background-position":"center center","background-size":"auto","background-attachment":"scroll","background-type":"","background-media":"","overlay-type":"","overlay-color":"","overlay-opacity":"","overlay-gradient":""},"tablet":{"background-color":"","background-image":"","background-repeat":"repeat","background-position":"center center","background-size":"auto","background-attachment":"scroll","background-type":"","background-media":"","overlay-type":"","overlay-color":"","overlay-opacity":"","overlay-gradient":""},"mobile":{"background-color":"","background-image":"","background-repeat":"repeat","background-position":"center center","background-size":"auto","background-attachment":"scroll","background-type":"","background-media":"","overlay-type":"","overlay-color":"","overlay-opacity":"","overlay-gradient":""}},"ast-content-background-meta":{"desktop":{"background-color":"var(--ast-global-color-4)","background-image":"","background-repeat":"repeat","background-position":"center center","background-size":"auto","background-attachment":"scroll","background-type":"","background-media":"","overlay-type":"","overlay-color":"","overlay-opacity":"","overlay-gradient":""},"tablet":{"background-color":"var(--ast-global-color-4)","background-image":"","background-repeat":"repeat","background-position":"center center","background-size":"auto","background-attachment":"scroll","background-type":"","background-media":"","overlay-type":"","overlay-color":"","overlay-opacity":"","overlay-gradient":""},"mobile":{"background-color":"var(--ast-global-color-4)","background-image":"","background-repeat":"repeat","background-position":"center center","background-size":"auto","background-attachment":"scroll","background-type":"","background-media":"","overlay-type":"","overlay-color":"","overlay-opacity":"","overlay-gradient":""}},"_joinchat":[],"footnotes":""},"class_list":["post-1377","page","type-page","status-publish","hentry"],"_links":{"self":[{"href":"https:\/\/capdecreusdive.com\/es\/wp-json\/wp\/v2\/pages\/1377","targetHints":{"allow":["GET"]}}],"collection":[{"href":"https:\/\/capdecreusdive.com\/es\/wp-json\/wp\/v2\/pages"}],"about":[{"href":"https:\/\/capdecreusdive.com\/es\/wp-json\/wp\/v2\/types\/page"}],"author":[{"embeddable":true,"href":"https:\/\/capdecreusdive.com\/es\/wp-json\/wp\/v2\/users\/1"}],"replies":[{"embeddable":true,"href":"https:\/\/capdecreusdive.com\/es\/wp-json\/wp\/v2\/comments?post=1377"}],"version-history":[{"count":3,"href":"https:\/\/capdecreusdive.com\/es\/wp-json\/wp\/v2\/pages\/1377\/revisions"}],"predecessor-version":[{"id":1380,"href":"https:\/\/capdecreusdive.com\/es\/wp-json\/wp\/v2\/pages\/1377\/revisions\/1380"}],"wp:attachment":[{"href":"https:\/\/capdecreusdive.com\/es\/wp-json\/wp\/v2\/media?parent=1377"}],"curies":[{"name":"wp","href":"https:\/\/api.w.org\/{rel}","templated":true}]}}